{"id":14,"date":"2019-02-11T06:24:26","date_gmt":"2019-02-11T05:24:26","guid":{"rendered":"https:\/\/themify.me\/demo\/themes\/ultra-coffee\/?page_id=10"},"modified":"2023-11-21T23:00:53","modified_gmt":"2023-11-21T22:00:53","slug":"domu","status":"publish","type":"page","link":"https:\/\/prodluzovaniras-vranova.cz\/","title":{"rendered":"Dom\u016f"},"content":{"rendered":"<!-- wp:themify-builder\/canvas \/--><!--themify_builder_static--><h3>Kontakt<\/h3> <p>Marta Vr\u00e1nov\u00e1<strong><br \/><\/strong>+420 603 931 173<\/p> <p>\u00a0<a href=\"mailto:prodluzovaniras@email.cz\">prodluzovaniras@email.cz<\/a><\/p>\n<h3>Adresa<\/h3> Bellu\u0161ova ulice 1868\/52 Praha 5 \u2013 Stod\u016flky\n<p><em>P\u011b\u0161ky cesta trv\u00e1 cca 5 minut od stanice metra B \u2013 Luka.<\/em><br \/><em>Bezprobl\u00e9mov\u00e9 parkov\u00e1n\u00ed p\u0159\u00edmo p\u0159ed domem.<\/em><\/p>\n<h3>O mn\u011b<br\/><\/h3>\n<ul> <li>Jmenuji se Marta Vr\u00e1nov\u00e1 a od roku 2010 jsem certifikovan\u00e1 lash stylistka. Specializuji se na prodlu\u017eov\u00e1n\u00ed \u0159as metodou \u0159asa na \u0159asu a objemov\u00e9 5 D \u0159asy.<\/li> <\/ul> <ul> <li>Pou\u017e\u00edv\u00e1m nejkvalitn\u011bj\u0161\u00ed materi\u00e1ly od zna\u010dky BL Lashes. D\u00e9lka \u0159as se odv\u00edj\u00ed od p\u0159\u00e1n\u00ed klientky. K dispozici m\u00e1m r\u016fzn\u00e9 d\u00e9lky, tlou\u0161\u0165ky a zak\u0159iven\u00ed.<\/li> <\/ul> <ul> <li>Aplikace nov\u00fdch \u0159as trv\u00e1 p\u0159ibli\u017en\u011b 2 hodiny, dopln\u011bn\u00ed n\u011bco p\u0159es hodinu.<\/li> <\/ul> <ul> <li>\u0158asy aplikuji doma v samostatn\u00e9 m\u00edstnosti a s pln\u00fdm vybaven\u00edm jako ve studiu, tak\u017ee moje cena je podstatn\u011b ni\u017e\u0161\u00ed.<\/li> <\/ul> <ul> <li>Pracuji pond\u011bl\u00ed a\u017e p\u00e1tek, 10 &#8211; 20 hod., v\u00edkendy dle domluvy.<\/li> <\/ul>\n<h3>Metody prodlu\u017eov\u00e1n\u00ed \u0159as, kter\u00e9 nab\u00edz\u00edm<br\/><\/h3>\n<img loading=\"lazy\" decoding=\"async\" src=\"http:\/\/prodluzovaniras-vranova.cz\/wp-content\/uploads\/2022\/02\/lash-2.png\" width=\"150\" height=\"859\" title=\"\u0158asa na \u0159asu\" alt=\"Je to metoda prodlu\u017eov\u00e1n\u00ed \u0159as, kdy je p\u0159ilepena jedna um\u011bl\u00e1 \u0159asa na jednu p\u0159\u00edrodn\u00ed \u0159asu. T\u00edm se \u0159asa prodlou\u017e\u00ed a chov\u00e1 se spole\u010dn\u011b s prodlou\u017eenou \u0159asou \u00fapln\u011b p\u0159irozen\u011b. Jedn\u00e1 se o syntetick\u00e9 norkov\u00e9 \u0159asy vyroben\u00e9 z vl\u00e1ken nejvy\u0161\u0161\u00ed kvality.\"> <h3> \u0158asa na \u0159asu <\/h3> Je to metoda prodlu\u017eov\u00e1n\u00ed \u0159as, kdy je p\u0159ilepena jedna um\u011bl\u00e1 \u0159asa na jednu p\u0159\u00edrodn\u00ed \u0159asu. T\u00edm se \u0159asa prodlou\u017e\u00ed a chov\u00e1 se spole\u010dn\u011b s prodlou\u017eenou \u0159asou \u00fapln\u011b p\u0159irozen\u011b. Jedn\u00e1 se o syntetick\u00e9 norkov\u00e9 \u0159asy vyroben\u00e9 z vl\u00e1ken nejvy\u0161\u0161\u00ed kvality.\n<img loading=\"lazy\" decoding=\"async\" src=\"http:\/\/prodluzovaniras-vranova.cz\/wp-content\/uploads\/2022\/02\/lash-2.png\" width=\"150\" height=\"859\" title=\"Objemov\u00e9 \u0159asy 3D\" alt=\"Metoda p\u0159i ktere\u0301 se na ka\u017edou p\u0159i\u0301rodni\u0301 r\u030casu lep\u00ed 3 um\u011bl\u00e9. Je vhodna\u0301 pro klientky, kter\u00e9 maj\u00ed m\u00e1lo \u0159as.\"> <h3> Objemov\u00e9 \u0159asy 3D <\/h3> Metoda p\u0159i ktere\u0301 se na ka\u017edou p\u0159i\u0301rodni\u0301 r\u030casu lep\u00ed 3 um\u011bl\u00e9. Je vhodna\u0301 pro klientky, kter\u00e9 maj\u00ed m\u00e1lo \u0159as.\n<img loading=\"lazy\" decoding=\"async\" src=\"http:\/\/prodluzovaniras-vranova.cz\/wp-content\/uploads\/2022\/02\/lash-2.png\" width=\"150\" height=\"859\" title=\"Objemov\u00e9 \u0159asy 5 D\" alt=\"Jedna\u0301 se o aplikaci v\u011bj\u00ed\u0159ku jemn\u00fdch r\u030cas na kaz\u030cdou pr\u030ci\u0301rodni\u0301 \u0159asu. Jedna z nejkomfortn\u011bj\u0161\u00edch metod. Ru\u010dn\u011b vyroben\u00e9 objemov\u00e9 v\u011bj\u00ed\u0159ky z prvot\u0159\u00eddn\u00edho materi\u00e1lu zaru\u010duj\u00ed v\u00fdrazn\u00fd look a z\u00e1rove\u0148 ultralehk\u00fd pocit. Hodne\u030c ji vyuz\u030ci\u0301vaji\u0301 z\u030ceny ktere\u0301 maji\u0301 ma\u0301lo r\u030cas na oku, ale i ty kter\u00e9 cht\u011bj\u00ed objemne\u030cjs\u030c\u00ed r\u030casy. Tato metoda je momenta\u0301lne\u030c naprosto nejobli\u0301bene\u030cjs\u030ci\u0301.\"> <h3> Objemov\u00e9 \u0159asy 5 D <\/h3> Jedna\u0301 se o aplikaci v\u011bj\u00ed\u0159ku jemn\u00fdch r\u030cas na kaz\u030cdou pr\u030ci\u0301rodni\u0301 \u0159asu. Jedna z nejkomfortn\u011bj\u0161\u00edch metod. Ru\u010dn\u011b vyroben\u00e9 objemov\u00e9 v\u011bj\u00ed\u0159ky z prvot\u0159\u00eddn\u00edho materi\u00e1lu zaru\u010duj\u00ed v\u00fdrazn\u00fd look a z\u00e1rove\u0148 ultralehk\u00fd pocit. Hodne\u030c ji vyuz\u030ci\u0301vaji\u0301 z\u030ceny ktere\u0301 maji\u0301 ma\u0301lo r\u030cas na oku, ale i ty kter\u00e9 cht\u011bj\u00ed objemne\u030cjs\u030c\u00ed r\u030casy. Tato metoda je momenta\u0301lne\u030c naprosto nejobli\u0301bene\u030cjs\u030ci\u0301.\n<img loading=\"lazy\" decoding=\"async\" src=\"http:\/\/prodluzovaniras-vranova.cz\/wp-content\/uploads\/2022\/02\/lash-2.png\" width=\"150\" height=\"859\" title=\"Hollywoodsk\u00fd objem\" alt=\"Jedn\u00e1 se o aplikaci velmi jemn\u00fdch v\u011bj\u00ed\u0159k\u016f slo\u017een\u00fdch ze 6 a\u017e 14 um\u011bl\u00fdch \u0159as na ka\u017edou p\u0159\u00edrodn\u00ed \u0159asu.Metoda je vhodn\u00e1 pro klientky,kter\u00e9 maj\u00ed m\u00e1lo vlastn\u00edch \u0159as a cht\u011bj\u00ed doc\u00edlit v\u011bt\u0161\u00ed hustoty.\"> <h3> Hollywoodsk\u00fd objem <\/h3> Jedn\u00e1 se o aplikaci velmi jemn\u00fdch v\u011bj\u00ed\u0159k\u016f slo\u017een\u00fdch ze 6 a\u017e 14 um\u011bl\u00fdch \u0159as na ka\u017edou p\u0159\u00edrodn\u00ed \u0159asu.Metoda je vhodn\u00e1 pro klientky,kter\u00e9 maj\u00ed m\u00e1lo vlastn\u00edch \u0159as a cht\u011bj\u00ed doc\u00edlit v\u011bt\u0161\u00ed hustoty.\n<h3>Cen\u00edk prodlu\u017eov\u00e1n\u00ed \u0159as<br\/><\/h3>\n<h4>\u0158asa na \u0159asu<\/h4> \n Nov\u00fd set: 1 200 K\u010d Dopln\u011bn\u00ed do 3 t\u00fddn\u016f: 800 K\u010d\n<h4>3D objem<\/h4> \n Nov\u00fd set: 1 200 K\u010d Dopln\u011bn\u00ed do 3 t\u00fddn\u016f: 800 K\u010d\n<h4>5D objem<\/h4> \n Nov\u00fd set: 1 200 K\u010d Dopln\u011bn\u00ed do 3 t\u00fddn\u016f: 800 K\u010d\n<h4>Hollywoodsk\u00fd efekt<\/h4> \n Nov\u00fd set: 1 200 K\u010d Dopln\u011bn\u00ed do 3 t\u00fddn\u016f: 800 K\u010d\n<h4>Odstran\u011bn\u00ed \u0159as speci\u00e1ln\u00edm gelem<\/h4> \n 400 K\u010d\nPlatba pouze v hotovosti.\n<h3>Fotogalerie<br\/><\/h3>\n<div id='gallery-1' class='gallery galleryid-14 gallery-columns-4 gallery-size-thumbnail'><figure class='gallery-item'>\n\t\t\t<div class='gallery-icon landscape'>\n\t\t\t\t<a href='https:\/\/prodluzovaniras-vranova.cz\/?attachment_id=258'><img loading=\"lazy\" decoding=\"async\" width=\"150\" height=\"150\" src=\"https:\/\/prodluzovaniras-vranova.cz\/wp-content\/uploads\/2023\/10\/20230928_114731-1-150x150.jpg\" class=\"attachment-thumbnail size-thumbnail\" alt=\"\" \/><\/a>\n\t\t\t<\/div><\/figure><figure class='gallery-item'>\n\t\t\t<div class='gallery-icon portrait'>\n\t\t\t\t<a href='https:\/\/prodluzovaniras-vranova.cz\/?attachment_id=259'><img loading=\"lazy\" decoding=\"async\" width=\"150\" height=\"150\" src=\"https:\/\/prodluzovaniras-vranova.cz\/wp-content\/uploads\/2023\/10\/20231006_112528-150x150.jpg\" class=\"attachment-thumbnail size-thumbnail\" alt=\"\" \/><\/a>\n\t\t\t<\/div><\/figure><figure class='gallery-item'>\n\t\t\t<div class='gallery-icon portrait'>\n\t\t\t\t<a href='https:\/\/prodluzovaniras-vranova.cz\/?attachment_id=260'><img loading=\"lazy\" decoding=\"async\" width=\"150\" height=\"150\" src=\"https:\/\/prodluzovaniras-vranova.cz\/wp-content\/uploads\/2023\/10\/IMG-20230916-WA0003-1-150x150.jpg\" class=\"attachment-thumbnail size-thumbnail\" alt=\"\" \/><\/a>\n\t\t\t<\/div><\/figure><figure class='gallery-item'>\n\t\t\t<div class='gallery-icon landscape'>\n\t\t\t\t<a href='https:\/\/prodluzovaniras-vranova.cz\/?attachment_id=261'><img loading=\"lazy\" decoding=\"async\" width=\"150\" height=\"150\" src=\"https:\/\/prodluzovaniras-vranova.cz\/wp-content\/uploads\/2023\/10\/IMG-20230916-WA0004-1-150x150.jpg\" class=\"attachment-thumbnail size-thumbnail\" alt=\"\" \/><\/a>\n\t\t\t<\/div><\/figure><figure class='gallery-item'>\n\t\t\t<div class='gallery-icon landscape'>\n\t\t\t\t<a href='https:\/\/prodluzovaniras-vranova.cz\/?attachment_id=244'><img loading=\"lazy\" decoding=\"async\" width=\"150\" height=\"150\" src=\"https:\/\/prodluzovaniras-vranova.cz\/wp-content\/uploads\/2023\/03\/20230311_112622-150x150.jpg\" class=\"attachment-thumbnail size-thumbnail\" alt=\"\" \/><\/a>\n\t\t\t<\/div><\/figure><figure class='gallery-item'>\n\t\t\t<div class='gallery-icon landscape'>\n\t\t\t\t<a href='https:\/\/prodluzovaniras-vranova.cz\/?attachment_id=243'><img loading=\"lazy\" decoding=\"async\" width=\"150\" height=\"150\" src=\"https:\/\/prodluzovaniras-vranova.cz\/wp-content\/uploads\/2023\/03\/20230311_112615-150x150.jpg\" class=\"attachment-thumbnail size-thumbnail\" alt=\"\" \/><\/a>\n\t\t\t<\/div><\/figure><figure class='gallery-item'>\n\t\t\t<div class='gallery-icon landscape'>\n\t\t\t\t<a href='https:\/\/prodluzovaniras-vranova.cz\/?attachment_id=242'><img loading=\"lazy\" decoding=\"async\" width=\"150\" height=\"150\" src=\"https:\/\/prodluzovaniras-vranova.cz\/wp-content\/uploads\/2023\/03\/20230311_112603-150x150.jpg\" class=\"attachment-thumbnail size-thumbnail\" alt=\"\" \/><\/a>\n\t\t\t<\/div><\/figure><figure class='gallery-item'>\n\t\t\t<div class='gallery-icon landscape'>\n\t\t\t\t<a href='https:\/\/prodluzovaniras-vranova.cz\/?attachment_id=241'><img loading=\"lazy\" decoding=\"async\" width=\"150\" height=\"150\" src=\"https:\/\/prodluzovaniras-vranova.cz\/wp-content\/uploads\/2023\/03\/20230214_121243-150x150.jpg\" class=\"attachment-thumbnail size-thumbnail\" alt=\"\" \/><\/a>\n\t\t\t<\/div><\/figure><figure class='gallery-item'>\n\t\t\t<div class='gallery-icon landscape'>\n\t\t\t\t<a href='https:\/\/prodluzovaniras-vranova.cz\/?attachment_id=240'><img loading=\"lazy\" decoding=\"async\" width=\"150\" height=\"150\" src=\"https:\/\/prodluzovaniras-vranova.cz\/wp-content\/uploads\/2023\/03\/20230214_121237-150x150.jpg\" class=\"attachment-thumbnail size-thumbnail\" alt=\"\" \/><\/a>\n\t\t\t<\/div><\/figure><figure class='gallery-item'>\n\t\t\t<div class='gallery-icon landscape'>\n\t\t\t\t<a href='https:\/\/prodluzovaniras-vranova.cz\/?attachment_id=230'><img loading=\"lazy\" decoding=\"async\" width=\"150\" height=\"150\" src=\"https:\/\/prodluzovaniras-vranova.cz\/wp-content\/uploads\/2022\/08\/20220718_180817-150x150.jpg\" class=\"attachment-thumbnail size-thumbnail\" alt=\"\" \/><\/a>\n\t\t\t<\/div><\/figure><figure class='gallery-item'>\n\t\t\t<div class='gallery-icon landscape'>\n\t\t\t\t<a href='https:\/\/prodluzovaniras-vranova.cz\/?attachment_id=229'><img loading=\"lazy\" decoding=\"async\" width=\"150\" height=\"150\" src=\"https:\/\/prodluzovaniras-vranova.cz\/wp-content\/uploads\/2022\/08\/20220602_175855-1-150x150.jpg\" class=\"attachment-thumbnail size-thumbnail\" alt=\"\" \/><\/a>\n\t\t\t<\/div><\/figure><figure class='gallery-item'>\n\t\t\t<div class='gallery-icon landscape'>\n\t\t\t\t<a href='https:\/\/prodluzovaniras-vranova.cz\/?attachment_id=224'><img loading=\"lazy\" decoding=\"async\" width=\"150\" height=\"150\" src=\"https:\/\/prodluzovaniras-vranova.cz\/wp-content\/uploads\/2022\/07\/20220422_184516-150x150.jpg\" class=\"attachment-thumbnail size-thumbnail\" alt=\"\" \/><\/a>\n\t\t\t<\/div><\/figure><figure class='gallery-item'>\n\t\t\t<div class='gallery-icon landscape'>\n\t\t\t\t<a href='https:\/\/prodluzovaniras-vranova.cz\/?attachment_id=108'><img loading=\"lazy\" decoding=\"async\" width=\"150\" height=\"150\" src=\"https:\/\/prodluzovaniras-vranova.cz\/wp-content\/uploads\/2022\/02\/20211229_122020-150x150.jpg\" class=\"attachment-thumbnail size-thumbnail\" alt=\"\" \/><\/a>\n\t\t\t<\/div><\/figure><figure class='gallery-item'>\n\t\t\t<div class='gallery-icon landscape'>\n\t\t\t\t<a href='https:\/\/prodluzovaniras-vranova.cz\/?attachment_id=109'><img loading=\"lazy\" decoding=\"async\" width=\"150\" height=\"150\" src=\"https:\/\/prodluzovaniras-vranova.cz\/wp-content\/uploads\/2022\/02\/20211129_172226-150x150.jpg\" class=\"attachment-thumbnail size-thumbnail\" alt=\"\" \/><\/a>\n\t\t\t<\/div><\/figure><figure class='gallery-item'>\n\t\t\t<div class='gallery-icon landscape'>\n\t\t\t\t<a href='https:\/\/prodluzovaniras-vranova.cz\/?attachment_id=111'><img loading=\"lazy\" decoding=\"async\" width=\"150\" height=\"150\" src=\"https:\/\/prodluzovaniras-vranova.cz\/wp-content\/uploads\/2022\/02\/20211129_171800-150x150.jpg\" class=\"attachment-thumbnail size-thumbnail\" alt=\"\" \/><\/a>\n\t\t\t<\/div><\/figure><figure class='gallery-item'>\n\t\t\t<div class='gallery-icon landscape'>\n\t\t\t\t<a href='https:\/\/prodluzovaniras-vranova.cz\/?attachment_id=112'><img loading=\"lazy\" decoding=\"async\" width=\"150\" height=\"150\" src=\"https:\/\/prodluzovaniras-vranova.cz\/wp-content\/uploads\/2022\/02\/20210615_193702-150x150.jpg\" class=\"attachment-thumbnail size-thumbnail\" alt=\"\" \/><\/a>\n\t\t\t<\/div><\/figure><figure class='gallery-item'>\n\t\t\t<div class='gallery-icon landscape'>\n\t\t\t\t<a href='https:\/\/prodluzovaniras-vranova.cz\/?attachment_id=114'><img loading=\"lazy\" decoding=\"async\" width=\"150\" height=\"150\" src=\"https:\/\/prodluzovaniras-vranova.cz\/wp-content\/uploads\/2022\/02\/20201210_182448-150x150.jpg\" class=\"attachment-thumbnail size-thumbnail\" alt=\"\" \/><\/a>\n\t\t\t<\/div><\/figure><figure class='gallery-item'>\n\t\t\t<div class='gallery-icon landscape'>\n\t\t\t\t<a href='https:\/\/prodluzovaniras-vranova.cz\/?attachment_id=115'><img loading=\"lazy\" decoding=\"async\" width=\"150\" height=\"150\" src=\"https:\/\/prodluzovaniras-vranova.cz\/wp-content\/uploads\/2022\/02\/20201210_182440-150x150.jpg\" class=\"attachment-thumbnail size-thumbnail\" alt=\"\" \/><\/a>\n\t\t\t<\/div><\/figure><figure class='gallery-item'>\n\t\t\t<div class='gallery-icon landscape'>\n\t\t\t\t<a href='https:\/\/prodluzovaniras-vranova.cz\/?attachment_id=179'><img loading=\"lazy\" decoding=\"async\" width=\"150\" height=\"150\" src=\"https:\/\/prodluzovaniras-vranova.cz\/wp-content\/uploads\/2022\/02\/9DD168D8-9F53-4529-B2ED-5B7C0703CE7C-150x150.jpeg\" class=\"attachment-thumbnail size-thumbnail\" alt=\"\" \/><\/a>\n\t\t\t<\/div><\/figure><figure class='gallery-item'>\n\t\t\t<div class='gallery-icon landscape'>\n\t\t\t\t<a href='https:\/\/prodluzovaniras-vranova.cz\/?attachment_id=180'><img loading=\"lazy\" decoding=\"async\" width=\"150\" height=\"150\" src=\"https:\/\/prodluzovaniras-vranova.cz\/wp-content\/uploads\/2022\/02\/54836FB0-6B4E-46B5-897E-0624F17C92A2-150x150.jpeg\" class=\"attachment-thumbnail size-thumbnail\" alt=\"\" \/><\/a>\n\t\t\t<\/div><\/figure><figure class='gallery-item'>\n\t\t\t<div class='gallery-icon landscape'>\n\t\t\t\t<a href='https:\/\/prodluzovaniras-vranova.cz\/?attachment_id=205'><img loading=\"lazy\" decoding=\"async\" width=\"150\" height=\"150\" src=\"https:\/\/prodluzovaniras-vranova.cz\/wp-content\/uploads\/2022\/02\/10EBA0DE-A8AA-46D2-AD57-CC98088B21D3-150x150.jpeg\" class=\"attachment-thumbnail size-thumbnail\" alt=\"\" \/><\/a>\n\t\t\t<\/div><\/figure><figure class='gallery-item'>\n\t\t\t<div class='gallery-icon landscape'>\n\t\t\t\t<a href='https:\/\/prodluzovaniras-vranova.cz\/?attachment_id=206'><img loading=\"lazy\" decoding=\"async\" width=\"150\" height=\"150\" src=\"https:\/\/prodluzovaniras-vranova.cz\/wp-content\/uploads\/2022\/02\/B15990F8-CB50-4A1A-AA3D-7387CA0EF5D1-150x150.jpeg\" class=\"attachment-thumbnail size-thumbnail\" alt=\"\" \/><\/a>\n\t\t\t<\/div><\/figure><figure class='gallery-item'>\n\t\t\t<div class='gallery-icon landscape'>\n\t\t\t\t<a href='https:\/\/prodluzovaniras-vranova.cz\/?attachment_id=106'><img loading=\"lazy\" decoding=\"async\" width=\"150\" height=\"150\" src=\"https:\/\/prodluzovaniras-vranova.cz\/wp-content\/uploads\/2022\/02\/20220125_181305_1-150x150.jpg\" class=\"attachment-thumbnail size-thumbnail\" alt=\"\" \/><\/a>\n\t\t\t<\/div><\/figure><figure class='gallery-item'>\n\t\t\t<div class='gallery-icon landscape'>\n\t\t\t\t<a href='https:\/\/prodluzovaniras-vranova.cz\/?attachment_id=211'><img loading=\"lazy\" decoding=\"async\" width=\"150\" height=\"150\" src=\"https:\/\/prodluzovaniras-vranova.cz\/wp-content\/uploads\/2022\/02\/35F0E0EC-2F4D-4E84-991A-E1EA6D8E2314-150x150.jpeg\" class=\"attachment-thumbnail size-thumbnail\" alt=\"\" \/><\/a>\n\t\t\t<\/div><\/figure><figure class='gallery-item'>\n\t\t\t<div class='gallery-icon landscape'>\n\t\t\t\t<a href='https:\/\/prodluzovaniras-vranova.cz\/?attachment_id=105'><img loading=\"lazy\" decoding=\"async\" width=\"150\" height=\"150\" src=\"https:\/\/prodluzovaniras-vranova.cz\/wp-content\/uploads\/2022\/02\/20220125_181313-150x150.jpg\" class=\"attachment-thumbnail size-thumbnail\" alt=\"\" \/><\/a>\n\t\t\t<\/div><\/figure><figure class='gallery-item'>\n\t\t\t<div class='gallery-icon landscape'>\n\t\t\t\t<a href='https:\/\/prodluzovaniras-vranova.cz\/?attachment_id=225'><img loading=\"lazy\" decoding=\"async\" width=\"150\" height=\"150\" src=\"https:\/\/prodluzovaniras-vranova.cz\/wp-content\/uploads\/2022\/07\/20220602_175855-150x150.jpg\" class=\"attachment-thumbnail size-thumbnail\" alt=\"\" \/><\/a>\n\t\t\t<\/div><\/figure>\n\t\t<\/div>\n\n<h3>Zanechte n\u00e1m vzkaz<br\/><\/h3>\n<h3><\/h3> <form action=\"https:\/\/prodluzovaniras-vranova.cz\/wp-admin\/admin-ajax.php\" class=\"builder-contact\" id=\"tb_ngqm128-form\" method=\"post\" data-post-id=\"0\" data-element-id=\"ngqm128\" data-orig-id=\"\" > <label for=\"tb_ngqm128-contact-name\">Jm\u00e9no *<\/label> <input type=\"text\" name=\"contact-name\" placeholder=\"\" id=\"tb_ngqm128-contact-name\" value=\"\" required> <label for=\"tb_ngqm128-contact-email\">Email *<\/label> <input type=\"text\" name=\"contact-email\" placeholder=\"\" id=\"tb_ngqm128-contact-email\" value=\"\" required> <label for=\"tb_ngqm128-contact-subject\">P\u0159edm\u011bt *<\/label> <input type=\"text\" name=\"contact-subject\" placeholder=\"\" id=\"tb_ngqm128-contact-subject\" value=\"\" required> <label for=\"tb_ngqm128-contact-message\">Zpr\u00e1va *<\/label> <textarea name=\"contact-message\" placeholder=\"\" id=\"tb_ngqm128-contact-message\" required><\/textarea> <button type=\"submit\">Odeslat<\/button> <\/form><!--\/themify_builder_static-->","protected":false},"excerpt":{"rendered":"<p>Kontakt Marta Vr\u00e1nov\u00e1+420 603 931 173 \u00a0prodluzovaniras@email.cz Adresa Bellu\u0161ova ulice 1868\/52 Praha 5 \u2013 Stod\u016flky P\u011b\u0161ky cesta trv\u00e1 cca 5 minut od stanice metra B \u2013 Luka.Bezprobl\u00e9mov\u00e9 parkov\u00e1n\u00ed p\u0159\u00edmo p\u0159ed domem. O mn\u011b Jmenuji se Marta Vr\u00e1nov\u00e1 a od roku 2010 jsem certifikovan\u00e1 lash stylistka. Specializuji se na prodlu\u017eov\u00e1n\u00ed \u0159as metodou \u0159asa na \u0159asu a [&hellip;]<\/p>\n","protected":false},"author":1,"featured_media":0,"parent":0,"menu_order":0,"comment_status":"closed","ping_status":"closed","template":"","meta":{"footnotes":""},"class_list":["post-14","page","type-page","status-publish","hentry","has-post-title","has-post-date","has-post-category","has-post-tag","has-post-comment","has-post-author",""],"builder_content":"<h3>Kontakt<\/h3> <p>Marta Vr\u00e1nov\u00e1<strong><br \/><\/strong>+420 603 931 173<\/p> <p>\u00a0<a href=\"mailto:prodluzovaniras@email.cz\">prodluzovaniras@email.cz<\/a><\/p>\n<h3>Adresa<\/h3> Bellu\u0161ova ulice 1868\/52 Praha 5 \u2013 Stod\u016flky\n<p><em>P\u011b\u0161ky cesta trv\u00e1 cca 5 minut od stanice metra B \u2013 Luka.<\/em><br \/><em>Bezprobl\u00e9mov\u00e9 parkov\u00e1n\u00ed p\u0159\u00edmo p\u0159ed domem.<\/em><\/p>\n<h3>O mn\u011b<br\/><\/h3>\n<ul> <li>Jmenuji se Marta Vr\u00e1nov\u00e1 a od roku 2010 jsem certifikovan\u00e1 lash stylistka. Specializuji se na prodlu\u017eov\u00e1n\u00ed \u0159as metodou \u0159asa na \u0159asu a objemov\u00e9 5 D \u0159asy.<\/li> <\/ul> <ul> <li>Pou\u017e\u00edv\u00e1m nejkvalitn\u011bj\u0161\u00ed materi\u00e1ly od zna\u010dky BL Lashes. D\u00e9lka \u0159as se odv\u00edj\u00ed od p\u0159\u00e1n\u00ed klientky. K dispozici m\u00e1m r\u016fzn\u00e9 d\u00e9lky, tlou\u0161\u0165ky a zak\u0159iven\u00ed.<\/li> <\/ul> <ul> <li>Aplikace nov\u00fdch \u0159as trv\u00e1 p\u0159ibli\u017en\u011b 2 hodiny, dopln\u011bn\u00ed n\u011bco p\u0159es hodinu.<\/li> <\/ul> <ul> <li>\u0158asy aplikuji doma v samostatn\u00e9 m\u00edstnosti a s pln\u00fdm vybaven\u00edm jako ve studiu, tak\u017ee moje cena je podstatn\u011b ni\u017e\u0161\u00ed.<\/li> <\/ul> <ul> <li>Pracuji pond\u011bl\u00ed a\u017e p\u00e1tek, 10 - 20 hod., v\u00edkendy dle domluvy.<\/li> <\/ul>\n<h3>Metody prodlu\u017eov\u00e1n\u00ed \u0159as, kter\u00e9 nab\u00edz\u00edm<br\/><\/h3>\n<img src=\"http:\/\/prodluzovaniras-vranova.cz\/wp-content\/uploads\/2022\/02\/lash-2.png\" width=\"150\" height=\"859\" title=\"\u0158asa na \u0159asu\" alt=\"Je to metoda prodlu\u017eov\u00e1n\u00ed \u0159as, kdy je p\u0159ilepena jedna um\u011bl\u00e1 \u0159asa na jednu p\u0159\u00edrodn\u00ed \u0159asu. T\u00edm se \u0159asa prodlou\u017e\u00ed a chov\u00e1 se spole\u010dn\u011b s prodlou\u017eenou \u0159asou \u00fapln\u011b p\u0159irozen\u011b. Jedn\u00e1 se o syntetick\u00e9 norkov\u00e9 \u0159asy vyroben\u00e9 z vl\u00e1ken nejvy\u0161\u0161\u00ed kvality.\"> <h3> \u0158asa na \u0159asu <\/h3> Je to metoda prodlu\u017eov\u00e1n\u00ed \u0159as, kdy je p\u0159ilepena jedna um\u011bl\u00e1 \u0159asa na jednu p\u0159\u00edrodn\u00ed \u0159asu. T\u00edm se \u0159asa prodlou\u017e\u00ed a chov\u00e1 se spole\u010dn\u011b s prodlou\u017eenou \u0159asou \u00fapln\u011b p\u0159irozen\u011b. Jedn\u00e1 se o syntetick\u00e9 norkov\u00e9 \u0159asy vyroben\u00e9 z vl\u00e1ken nejvy\u0161\u0161\u00ed kvality.\n<img src=\"http:\/\/prodluzovaniras-vranova.cz\/wp-content\/uploads\/2022\/02\/lash-2.png\" width=\"150\" height=\"859\" title=\"Objemov\u00e9 \u0159asy 3D\" alt=\"Metoda p\u0159i ktere\u0301 se na ka\u017edou p\u0159i\u0301rodni\u0301 r\u030casu lep\u00ed 3 um\u011bl\u00e9. Je vhodna\u0301 pro klientky, kter\u00e9 maj\u00ed m\u00e1lo \u0159as.\"> <h3> Objemov\u00e9 \u0159asy 3D <\/h3> Metoda p\u0159i ktere\u0301 se na ka\u017edou p\u0159i\u0301rodni\u0301 r\u030casu lep\u00ed 3 um\u011bl\u00e9. Je vhodna\u0301 pro klientky, kter\u00e9 maj\u00ed m\u00e1lo \u0159as.\n<img src=\"http:\/\/prodluzovaniras-vranova.cz\/wp-content\/uploads\/2022\/02\/lash-2.png\" width=\"150\" height=\"859\" title=\"Objemov\u00e9 \u0159asy 5 D\" alt=\"Jedna\u0301 se o aplikaci v\u011bj\u00ed\u0159ku jemn\u00fdch r\u030cas na kaz\u030cdou pr\u030ci\u0301rodni\u0301 \u0159asu. Jedna z nejkomfortn\u011bj\u0161\u00edch metod. Ru\u010dn\u011b vyroben\u00e9 objemov\u00e9 v\u011bj\u00ed\u0159ky z prvot\u0159\u00eddn\u00edho materi\u00e1lu zaru\u010duj\u00ed v\u00fdrazn\u00fd look a z\u00e1rove\u0148 ultralehk\u00fd pocit. Hodne\u030c ji vyuz\u030ci\u0301vaji\u0301 z\u030ceny ktere\u0301 maji\u0301 ma\u0301lo r\u030cas na oku, ale i ty kter\u00e9 cht\u011bj\u00ed objemne\u030cjs\u030c\u00ed r\u030casy. Tato metoda je momenta\u0301lne\u030c naprosto nejobli\u0301bene\u030cjs\u030ci\u0301.\"> <h3> Objemov\u00e9 \u0159asy 5 D <\/h3> Jedna\u0301 se o aplikaci v\u011bj\u00ed\u0159ku jemn\u00fdch r\u030cas na kaz\u030cdou pr\u030ci\u0301rodni\u0301 \u0159asu. Jedna z nejkomfortn\u011bj\u0161\u00edch metod. Ru\u010dn\u011b vyroben\u00e9 objemov\u00e9 v\u011bj\u00ed\u0159ky z prvot\u0159\u00eddn\u00edho materi\u00e1lu zaru\u010duj\u00ed v\u00fdrazn\u00fd look a z\u00e1rove\u0148 ultralehk\u00fd pocit. Hodne\u030c ji vyuz\u030ci\u0301vaji\u0301 z\u030ceny ktere\u0301 maji\u0301 ma\u0301lo r\u030cas na oku, ale i ty kter\u00e9 cht\u011bj\u00ed objemne\u030cjs\u030c\u00ed r\u030casy. Tato metoda je momenta\u0301lne\u030c naprosto nejobli\u0301bene\u030cjs\u030ci\u0301.\n<img src=\"http:\/\/prodluzovaniras-vranova.cz\/wp-content\/uploads\/2022\/02\/lash-2.png\" width=\"150\" height=\"859\" title=\"Hollywoodsk\u00fd objem\" alt=\"Jedn\u00e1 se o aplikaci velmi jemn\u00fdch v\u011bj\u00ed\u0159k\u016f slo\u017een\u00fdch ze 6 a\u017e 14 um\u011bl\u00fdch \u0159as na ka\u017edou p\u0159\u00edrodn\u00ed \u0159asu.Metoda je vhodn\u00e1 pro klientky,kter\u00e9 maj\u00ed m\u00e1lo vlastn\u00edch \u0159as a cht\u011bj\u00ed doc\u00edlit v\u011bt\u0161\u00ed hustoty.\"> <h3> Hollywoodsk\u00fd objem <\/h3> Jedn\u00e1 se o aplikaci velmi jemn\u00fdch v\u011bj\u00ed\u0159k\u016f slo\u017een\u00fdch ze 6 a\u017e 14 um\u011bl\u00fdch \u0159as na ka\u017edou p\u0159\u00edrodn\u00ed \u0159asu.Metoda je vhodn\u00e1 pro klientky,kter\u00e9 maj\u00ed m\u00e1lo vlastn\u00edch \u0159as a cht\u011bj\u00ed doc\u00edlit v\u011bt\u0161\u00ed hustoty.\n<h3>Cen\u00edk prodlu\u017eov\u00e1n\u00ed \u0159as<br\/><\/h3>\n<h4 class='tb-menu-title'>\u0158asa na \u0159asu<\/h4> Nov\u00fd set: 1 200 K\u010d Dopln\u011bn\u00ed do 3 t\u00fddn\u016f: 800 K\u010d\n<h4 class='tb-menu-title'>3D objem<\/h4> Nov\u00fd set: 1 200 K\u010d Dopln\u011bn\u00ed do 3 t\u00fddn\u016f: 800 K\u010d\n<h4 class='tb-menu-title'>5D objem<\/h4> Nov\u00fd set: 1 200 K\u010d Dopln\u011bn\u00ed do 3 t\u00fddn\u016f: 800 K\u010d\n<h4 class='tb-menu-title'>Hollywoodsk\u00fd efekt<\/h4> Nov\u00fd set: 1 200 K\u010d Dopln\u011bn\u00ed do 3 t\u00fddn\u016f: 800 K\u010d\n<h4 class='tb-menu-title'>Odstran\u011bn\u00ed \u0159as speci\u00e1ln\u00edm gelem<\/h4> 400 K\u010d\nPlatba pouze v hotovosti.\n<h3>Fotogalerie<br\/><\/h3>\n[gallery columns=\"4\" ids=\"258,259,260,261,244,243,242,241,240,230,229,224,108,109,111,112,114,115,179,180,205,206,106,211,105,225\"]\n<h3>Zanechte n\u00e1m vzkaz<br\/><\/h3>","_links":{"self":[{"href":"https:\/\/prodluzovaniras-vranova.cz\/index.php?rest_route=\/wp\/v2\/pages\/14","targetHints":{"allow":["GET"]}}],"collection":[{"href":"https:\/\/prodluzovaniras-vranova.cz\/index.php?rest_route=\/wp\/v2\/pages"}],"about":[{"href":"https:\/\/prodluzovaniras-vranova.cz\/index.php?rest_route=\/wp\/v2\/types\/page"}],"author":[{"embeddable":true,"href":"https:\/\/prodluzovaniras-vranova.cz\/index.php?rest_route=\/wp\/v2\/users\/1"}],"replies":[{"embeddable":true,"href":"https:\/\/prodluzovaniras-vranova.cz\/index.php?rest_route=%2Fwp%2Fv2%2Fcomments&post=14"}],"version-history":[{"count":124,"href":"https:\/\/prodluzovaniras-vranova.cz\/index.php?rest_route=\/wp\/v2\/pages\/14\/revisions"}],"predecessor-version":[{"id":267,"href":"https:\/\/prodluzovaniras-vranova.cz\/index.php?rest_route=\/wp\/v2\/pages\/14\/revisions\/267"}],"wp:attachment":[{"href":"https:\/\/prodluzovaniras-vranova.cz\/index.php?rest_route=%2Fwp%2Fv2%2Fmedia&parent=14"}],"curies":[{"name":"wp","href":"https:\/\/api.w.org\/{rel}","templated":true}]}}